{"id":14735,"date":"2016-05-20T12:38:40","date_gmt":"2016-05-20T11:38:40","guid":{"rendered":"\/?page_id=14735"},"modified":"2023-11-23T13:20:14","modified_gmt":"2023-11-23T12:20:14","slug":"meubelwinkel-2","status":"publish","type":"page","link":"https:\/\/www.stolz.be\/de\/meubelwinkel-2\/","title":{"rendered":"M\u00f6bel"},"content":{"rendered":"<p class=\"qtranxs-available-languages-message qtranxs-available-languages-message-de\">Leider ist der Eintrag nur auf <a href=\"https:\/\/www.stolz.be\/nl\/wp-json\/wp\/v2\/pages\/14735\" class=\"qtranxs-available-language-link qtranxs-available-language-link-nl\" title=\"Nederlands\">Niederl\u00e4ndisch<\/a>, <a href=\"https:\/\/www.stolz.be\/en\/wp-json\/wp\/v2\/pages\/14735\" class=\"qtranxs-available-language-link qtranxs-available-language-link-en\" title=\"English\">Amerikanisches Englisch<\/a> und <a href=\"https:\/\/www.stolz.be\/fr\/wp-json\/wp\/v2\/pages\/14735\" class=\"qtranxs-available-language-link qtranxs-available-language-link-fr\" title=\"Fran\u00e7ais\">Franz\u00f6sisch<\/a> verf\u00fcgbar.<\/p>","protected":false},"excerpt":{"rendered":"<p>Leider ist der Eintrag nur auf Niederl\u00e4ndisch, Amerikanisches Englisch und Franz\u00f6sisch verf\u00fcgbar.<\/p>\n","protected":false},"author":2,"featured_media":0,"parent":0,"menu_order":0,"comment_status":"closed","ping_status":"closed","template":"page-no-sidebar.php","meta":{"footnotes":""},"_links":{"self":[{"href":"https:\/\/www.stolz.be\/de\/wp-json\/wp\/v2\/pages\/14735"}],"collection":[{"href":"https:\/\/www.stolz.be\/de\/wp-json\/wp\/v2\/pages"}],"about":[{"href":"https:\/\/www.stolz.be\/de\/wp-json\/wp\/v2\/types\/page"}],"author":[{"embeddable":true,"href":"https:\/\/www.stolz.be\/de\/wp-json\/wp\/v2\/users\/2"}],"replies":[{"embeddable":true,"href":"https:\/\/www.stolz.be\/de\/wp-json\/wp\/v2\/comments?post=14735"}],"version-history":[{"count":236,"href":"https:\/\/www.stolz.be\/de\/wp-json\/wp\/v2\/pages\/14735\/revisions"}],"predecessor-version":[{"id":20085,"href":"https:\/\/www.stolz.be\/de\/wp-json\/wp\/v2\/pages\/14735\/revisions\/20085"}],"wp:attachment":[{"href":"https:\/\/www.stolz.be\/de\/wp-json\/wp\/v2\/media?parent=14735"}],"curies":[{"name":"wp","href":"https:\/\/api.w.org\/{rel}","templated":true}]}}