{"id":11337,"date":"2015-12-12T13:03:44","date_gmt":"2015-12-12T13:03:44","guid":{"rendered":"http:\/\/sitesao.com\/luxury\/main\/?post_type=product&#038;p=11337"},"modified":"2022-06-17T12:34:02","modified_gmt":"2022-06-17T11:34:02","slug":"stand-up","status":"publish","type":"product","link":"https:\/\/www.stolz.be\/fr\/product\/stand-up\/","title":{"rendered":"Stand up"},"content":{"rendered":"<p><\/p>\n<ul>\n<li><a href=\"\/wp-content\/uploads\/2016\/12\/FSM_STANDUP_Prospekt_screen_DP.pdf\" target=\"_blank\" rel=\"noopener noreferrer\">Fiche technique<\/a><\/li>\n<li><strong>Design:<\/strong> FSM<\/li>\n<\/ul>\n<p><\/p>","protected":false},"excerpt":{"rendered":"<p>Stand Up: un nom qu\u2019il est permis de prendre dans sons sens litt\u00e9ral. En effet, ce confortable fauteuil peut \u00eatre redress\u00e9 par un m\u00e9canisme \u00e9lectrique jusqu\u2019\u00e0 une hauteur d\u2019assise d\u2019environ 60 cm ce qui permet de se lever sans effort. La hauteur normale de l\u2019assise peut m\u00eame \u00eatre r\u00e9gl\u00e9e selon les besoins de chacun entre 43 et 52 cm. Stand Up pr\u00e9sente en outre toutes les caract\u00e9ristiques d\u2019un v\u00e9ritable fauteuil de relaxation. L\u2019angle du long pi\u00e9tement de 1,04 m peut \u00eatre r\u00e9gl\u00e9 \u00e0 volont\u00e9 pour un excellent confort; les deux hauteurs diff\u00e9rentes du dossier procurent aussi bien aux personnes de petite taille que de grande taille la meilleure relaxation en position assise et couch\u00e9e. Le syst\u00e8me \u00e9lectronique de r\u00e9glage fonctionne sur piles ou sur secteur.<\/p>\n","protected":false},"featured_media":15696,"template":"","meta":[],"product_cat":[34],"product_tag":[122,130,138],"_links":{"self":[{"href":"https:\/\/www.stolz.be\/fr\/wp-json\/wp\/v2\/product\/11337"}],"collection":[{"href":"https:\/\/www.stolz.be\/fr\/wp-json\/wp\/v2\/product"}],"about":[{"href":"https:\/\/www.stolz.be\/fr\/wp-json\/wp\/v2\/types\/product"}],"wp:featuredmedia":[{"embeddable":true,"href":"https:\/\/www.stolz.be\/fr\/wp-json\/wp\/v2\/media\/15696"}],"wp:attachment":[{"href":"https:\/\/www.stolz.be\/fr\/wp-json\/wp\/v2\/media?parent=11337"}],"wp:term":[{"taxonomy":"product_cat","embeddable":true,"href":"https:\/\/www.stolz.be\/fr\/wp-json\/wp\/v2\/product_cat?post=11337"},{"taxonomy":"product_tag","embeddable":true,"href":"https:\/\/www.stolz.be\/fr\/wp-json\/wp\/v2\/product_tag?post=11337"}],"curies":[{"name":"wp","href":"https:\/\/api.w.org\/{rel}","templated":true}]}}