{"id":11505,"date":"2015-12-12T14:31:37","date_gmt":"2015-12-12T14:31:37","guid":{"rendered":"http:\/\/sitesao.com\/luxury\/main\/?post_type=product&#038;p=11505"},"modified":"2017-06-09T12:27:51","modified_gmt":"2017-06-09T11:27:51","slug":"walter-knoll-primetime","status":"publish","type":"product","link":"https:\/\/www.stolz.be\/fr\/product\/walter-knoll-primetime\/","title":{"rendered":"Prime time"},"content":{"rendered":"<p><\/p>\n<ul>\n<li>Le programme Prime Time pr\u00e9voit plusieurs variantes: en individuel, \u00e9l\u00e9ments angulaires\u2026 tous convaincants dans leur \u00e9l\u00e9gance minimaliste<\/li>\n<\/ul>\n<p>&nbsp;<\/p>\n<ul>\n<li><strong>Design:<\/strong> EOOS<\/li>\n<\/ul>\n<ul>\n<li class=\"tf\"><a href=\"\/wp-content\/uploads\/2017\/01\/prime_time_en.pdf\" target=\"_blank\" rel=\"noopener noreferrer\">Fiche technique<\/a><\/li>\n<\/ul>\n<p><\/p>","protected":false},"excerpt":{"rendered":"[video width=\"1076\" height=\"606\" mp4=\"http:\/\/www.stolz.be\/wp-content\/uploads\/2015\/12\/wk_function_prime_time.mp4\"][\/video]\n<h3>Confort classique &#8211; modulable sans effort.<\/h3>\n<p>L\u00e9ger en esth\u00e9tique mais abondant en forme. Les accoudoirs et dossiers ultrafins donnent le support n\u00e9cessaire. Des boutons dans le rev\u00eatement attirent l\u2019attention sur les d\u00e9tails. La fonction pivotante de l\u2019\u00e9l\u00e9ment angulaire est \u00e0 la fois simple et pratique. Il en r\u00e9sulte une transformation parfait en \u00eele de d\u00e9tente.<\/p>\n","protected":false},"featured_media":15377,"template":"","meta":[],"product_cat":[33],"product_tag":[117,105,114],"_links":{"self":[{"href":"https:\/\/www.stolz.be\/fr\/wp-json\/wp\/v2\/product\/11505"}],"collection":[{"href":"https:\/\/www.stolz.be\/fr\/wp-json\/wp\/v2\/product"}],"about":[{"href":"https:\/\/www.stolz.be\/fr\/wp-json\/wp\/v2\/types\/product"}],"wp:featuredmedia":[{"embeddable":true,"href":"https:\/\/www.stolz.be\/fr\/wp-json\/wp\/v2\/media\/15377"}],"wp:attachment":[{"href":"https:\/\/www.stolz.be\/fr\/wp-json\/wp\/v2\/media?parent=11505"}],"wp:term":[{"taxonomy":"product_cat","embeddable":true,"href":"https:\/\/www.stolz.be\/fr\/wp-json\/wp\/v2\/product_cat?post=11505"},{"taxonomy":"product_tag","embeddable":true,"href":"https:\/\/www.stolz.be\/fr\/wp-json\/wp\/v2\/product_tag?post=11505"}],"curies":[{"name":"wp","href":"https:\/\/api.w.org\/{rel}","templated":true}]}}