{"id":16024,"date":"2017-01-17T15:48:01","date_gmt":"2017-01-17T14:48:01","guid":{"rendered":"\/product\/danskina-bambusa\/"},"modified":"2018-06-14T16:34:54","modified_gmt":"2018-06-14T15:34:54","slug":"danskina-bambusa","status":"publish","type":"product","link":"https:\/\/www.stolz.be\/fr\/product\/danskina-bambusa\/","title":{"rendered":"Bambusa"},"content":{"rendered":"<p><\/p>\n<ul>\n<li>tapis tuft\u00e9s<\/li>\n<li>\u00a0100%\u00a0viscose de bambou<\/li>\n<li>\u00a012 mm<\/li>\n<li>\u00a04000 gram\/m\u00b2<\/li>\n<li>\u00a020 couleurs<\/li>\n<li>Mesures max.<strong> :<\/strong> 450 x 2000 cm<\/li>\n<\/ul>\n<p>&nbsp;<\/p>\n<ul>\n<li><strong>Design:<\/strong> Felix Diener and Ulf Moritz<\/li>\n<\/ul>\n<p><\/p>","protected":false},"excerpt":{"rendered":"<p>La maison Danskina, fond\u00e9e en 1973, s\u2019est pos\u00e9 l\u2019objectif de produire les tapis les plus raffin\u00e9s qui vont au-del\u00e0 du temps et des modes.<\/p>\n<p>L\u2019appr\u00e9ciation aupr\u00e8s des d\u00e9corateurs et des architectes d\u2019int\u00e9rieur souligne cette ambition.<\/p>\n<p>Pr\u00e9curseur en proc\u00e9d\u00e9s de production innovateurs en combinaison avec un artisanat pur nous m\u00e8nent \u00e0 une ligne innovatrice et contemporaine d\u2019une tr\u00e8s haute qualit\u00e9.<\/p>\n<p>Les tapis de Danskina, toujours disponible sur mesure sont produits dans des ateliers aux Pays-Bas, en Ecosse, en Allemagne, au N\u00e9pal et en Inde.<\/p>\n","protected":false},"featured_media":16025,"template":"","meta":[],"product_cat":[242,39],"product_tag":[352,520,350,351,519],"_links":{"self":[{"href":"https:\/\/www.stolz.be\/fr\/wp-json\/wp\/v2\/product\/16024"}],"collection":[{"href":"https:\/\/www.stolz.be\/fr\/wp-json\/wp\/v2\/product"}],"about":[{"href":"https:\/\/www.stolz.be\/fr\/wp-json\/wp\/v2\/types\/product"}],"wp:featuredmedia":[{"embeddable":true,"href":"https:\/\/www.stolz.be\/fr\/wp-json\/wp\/v2\/media\/16025"}],"wp:attachment":[{"href":"https:\/\/www.stolz.be\/fr\/wp-json\/wp\/v2\/media?parent=16024"}],"wp:term":[{"taxonomy":"product_cat","embeddable":true,"href":"https:\/\/www.stolz.be\/fr\/wp-json\/wp\/v2\/product_cat?post=16024"},{"taxonomy":"product_tag","embeddable":true,"href":"https:\/\/www.stolz.be\/fr\/wp-json\/wp\/v2\/product_tag?post=16024"}],"curies":[{"name":"wp","href":"https:\/\/api.w.org\/{rel}","templated":true}]}}