{"id":16326,"date":"2017-01-23T12:22:24","date_gmt":"2017-01-23T11:22:24","guid":{"rendered":"\/product\/walter-knoll-bellows\/"},"modified":"2018-06-14T11:10:36","modified_gmt":"2018-06-14T10:10:36","slug":"walter-knoll-bellows","status":"publish","type":"product","link":"https:\/\/www.stolz.be\/fr\/product\/walter-knoll-bellows\/","title":{"rendered":"Bellows"},"content":{"rendered":"<p><strong>Pouf:<\/strong><\/p>\n<ul>\n<li><strong>recouvrement:\u00a0<\/strong>cuir ou tissu.<\/li>\n<li><strong>Structure:<\/strong> en acier et en bois avec ressort<\/li>\n<\/ul>\n<p><strong>Table:<\/strong><\/p>\n<ul>\n<li><strong>Structure:<\/strong> en acier ou en bois avec ressort.<\/li>\n<li><strong>Recouvrement: <\/strong>disponible avec coussin d\u2019assise en cuir, la surface habill\u00e9e en cuir ou en tissu.<\/li>\n<li><strong>Tablette:\u00a0<\/strong>teint\u00e9e en noir avec texture fine ou poudrage \u00e9lectrostatique<\/li>\n<\/ul>\n<p>&nbsp;<\/p>\n<ul>\n<li><strong>Design: <\/strong>Toan Nguyen<\/li>\n<\/ul>\n<ul>\n<li class=\"tf\"><a href=\"\/wp-content\/uploads\/2017\/01\/bellows_collection_en_0.pdf\" target=\"_blank\" rel=\"noopener noreferrer\">Fiche technique<\/a><\/li>\n<\/ul>\n<p><\/p>","protected":false},"excerpt":{"rendered":"[video width=\"1076\" height=\"606\" mp4=\"http:\/\/www.stolz.be\/wp-content\/uploads\/2017\/01\/wk_function_bellows.mp4\"][\/video]\n<p>Des id\u00e9es originales et peu communes donnent souvent une r\u00e9ponse \u00e0 des questions latentes et complexes. La collection Bellow est une r\u00e9ponse surprenante \u00e0 la demande pour une table d\u2019appoint-pouf-\u00e9l\u00e9ment d\u2019assise tout ceci sous une forme \u00e9l\u00e9gante.<\/p>\n<p>Avec un petit clic on adapte la hauteur du pouf.<\/p>\n<p>Les \u00e9l\u00e9ments Bellows se vendent assez souvent en couple ou en groupuscules de plusieurs pi\u00e8ces en combinaison avec un canap\u00e9.<\/p>\n","protected":false},"featured_media":16327,"template":"","meta":[],"product_cat":[72],"product_tag":[411,463,516,476,517,154,508,449,507,114],"_links":{"self":[{"href":"https:\/\/www.stolz.be\/fr\/wp-json\/wp\/v2\/product\/16326"}],"collection":[{"href":"https:\/\/www.stolz.be\/fr\/wp-json\/wp\/v2\/product"}],"about":[{"href":"https:\/\/www.stolz.be\/fr\/wp-json\/wp\/v2\/types\/product"}],"wp:featuredmedia":[{"embeddable":true,"href":"https:\/\/www.stolz.be\/fr\/wp-json\/wp\/v2\/media\/16327"}],"wp:attachment":[{"href":"https:\/\/www.stolz.be\/fr\/wp-json\/wp\/v2\/media?parent=16326"}],"wp:term":[{"taxonomy":"product_cat","embeddable":true,"href":"https:\/\/www.stolz.be\/fr\/wp-json\/wp\/v2\/product_cat?post=16326"},{"taxonomy":"product_tag","embeddable":true,"href":"https:\/\/www.stolz.be\/fr\/wp-json\/wp\/v2\/product_tag?post=16326"}],"curies":[{"name":"wp","href":"https:\/\/api.w.org\/{rel}","templated":true}]}}