{"id":165,"date":"2015-05-02T07:20:06","date_gmt":"2015-05-02T07:20:06","guid":{"rendered":"http:\/\/localhost\/wordpress\/wp_vicky\/?post_type=product&#038;p=165"},"modified":"2017-04-26T10:36:38","modified_gmt":"2017-04-26T09:36:38","slug":"break","status":"publish","type":"product","link":"https:\/\/www.stolz.be\/fr\/product\/break\/","title":{"rendered":"Break &#038; Breakfast"},"content":{"rendered":"<p><\/p>\n<ul>\n<li><a href=\"\/wp-content\/uploads\/2017\/01\/Cat_Break.pdf\" target=\"_blank\" rel=\"noopener noreferrer\">Fiche technique<\/a><\/li>\n<\/ul>\n<p><\/p>","protected":false},"excerpt":{"rendered":"<p><strong>Break :<\/strong> Pi\u00e8tement: m\u00e9tal, \u00e9paisseur 15 mm, diam\u00e8tre de la colonne 55 mm \u00a0 Finitions: \u2022 chrom\u00e9 brillant \u2022 mat \u2022 canon de fusil \u2022 laqu\u00e9 noir <strong>Tablette: marbre,<\/strong> \u00e9paisseur 15 mm, disponible dans les coloris suivants: \u2022 blanc Carrara \u2022 noir Marquinia \u2022 brun Emperador \u2022 brun Perfetto \u2022 or Calacatta Finitions disponibles: \u2022 brillant \u2022 mat \u2022 avec couche antitaches transparente en polyester<\/p>\n<p><strong>Breakfast :<\/strong> Pi\u00e8tement: m\u00e9tal, \u00e9paisseur 15 mm, diam\u00e8tre de la colonne 55 mm Finitions: \u2022 laqu\u00e9 blanc \u2022 laqu\u00e9 noir Tablette: MDF, \u00e9paisseur 15 mm Finitions: \u2022 <strong>laqu\u00e9 blanc mat \u2022 laqu\u00e9 noir mat<\/strong> Option sur demande: disponible dans tous les coloris RAL standard. Pour les finitions:<\/p>\n","protected":false},"featured_media":15700,"template":"","meta":[],"product_cat":[72],"product_tag":[153,124,154],"_links":{"self":[{"href":"https:\/\/www.stolz.be\/fr\/wp-json\/wp\/v2\/product\/165"}],"collection":[{"href":"https:\/\/www.stolz.be\/fr\/wp-json\/wp\/v2\/product"}],"about":[{"href":"https:\/\/www.stolz.be\/fr\/wp-json\/wp\/v2\/types\/product"}],"wp:featuredmedia":[{"embeddable":true,"href":"https:\/\/www.stolz.be\/fr\/wp-json\/wp\/v2\/media\/15700"}],"wp:attachment":[{"href":"https:\/\/www.stolz.be\/fr\/wp-json\/wp\/v2\/media?parent=165"}],"wp:term":[{"taxonomy":"product_cat","embeddable":true,"href":"https:\/\/www.stolz.be\/fr\/wp-json\/wp\/v2\/product_cat?post=165"},{"taxonomy":"product_tag","embeddable":true,"href":"https:\/\/www.stolz.be\/fr\/wp-json\/wp\/v2\/product_tag?post=165"}],"curies":[{"name":"wp","href":"https:\/\/api.w.org\/{rel}","templated":true}]}}